{"id":879,"date":"2024-06-14T09:01:58","date_gmt":"2024-06-14T09:01:58","guid":{"rendered":"https:\/\/engelberg-ferienwohnung.ch\/haushandbuch-und-ordnung\/elektrisches-system\/"},"modified":"2024-06-14T09:03:18","modified_gmt":"2024-06-14T09:03:18","slug":"elektrisches-system","status":"publish","type":"page","link":"https:\/\/engelberg-ferienwohnung.ch\/de\/haushandbuch-und-ordnung\/elektrisches-system\/","title":{"rendered":"Elektrisches System"},"content":{"rendered":"<p>[et_pb_section fb_built=&#8220;1&#8243; admin_label=&#8220;Features&#8220; _builder_version=&#8220;4.17.6&#8243; _module_preset=&#8220;default&#8220; background_color=&#8220;#FAF5EF&#8220; saved_tabs=&#8220;all&#8220; locked=&#8220;off&#8220; collapsed=&#8220;off&#8220; global_colors_info=&#8220;{}&#8220;][et_pb_row _builder_version=&#8220;4.17.6&#8243; _module_preset=&#8220;default&#8220; max_width=&#8220;750px&#8220; global_colors_info=&#8220;{}&#8220;][et_pb_column type=&#8220;4_4&#8243; _builder_version=&#8220;4.17.6&#8243; _module_preset=&#8220;default&#8220; global_colors_info=&#8220;{}&#8220;][et_pb_text _builder_version=&#8220;4.25.1&#8243; _module_preset=&#8220;c16985e1-e0d6-4022-964d-e2bfc04fa633&#8243; header_font=&#8220;Manrope|700|||||||&#8220; header_text_color=&#8220;#D37643&#8243; header_font_size=&#8220;75px&#8220; header_letter_spacing=&#8220;0.05em&#8220; header_line_height=&#8220;1.2em&#8220; text_orientation=&#8220;center&#8220; hover_enabled=&#8220;0&#8243; header_font_size_tablet=&#8220;40px&#8220; header_font_size_phone=&#8220;24px&#8220; header_font_size_last_edited=&#8220;on|desktop&#8220; global_colors_info=&#8220;{}&#8220; sticky_enabled=&#8220;0&#8243;]<\/p>\n<h1>Elektrisches System<\/h1>\n<p>[\/et_pb_text][\/et_pb_column][\/et_pb_row][et_pb_row _builder_version=&#8220;4.19.5&#8243; _module_preset=&#8220;default&#8220; global_colors_info=&#8220;{}&#8220;][et_pb_column type=&#8220;4_4&#8243; _builder_version=&#8220;4.19.5&#8243; _module_preset=&#8220;default&#8220; global_colors_info=&#8220;{}&#8220;][et_pb_text _builder_version=&#8220;4.25.1&#8243; _module_preset=&#8220;default&#8220; header_2_font=&#8220;|700|||||||&#8220; header_2_line_height=&#8220;1.5em&#8220; hover_enabled=&#8220;0&#8243; global_colors_info=&#8220;{}&#8220; sticky_enabled=&#8220;0&#8243;]<\/p>\n<p>Um ein angenehmes und sicheres Erlebnis zu gew\u00e4hrleisten, nehmen Sie sich bitte einen Moment Zeit, um die folgenden Informationen \u00fcber unser elektrisches System zu lesen.<\/p>\n<h2>Stromversorgung<\/h2>\n<ul>\n<li>Spannung: Das Stromnetz in der Schweiz arbeitet mit 230 Volt und 50 Hz.<\/li>\n<li>Stecker und Buchsen: Die Stecker sind vom Typ J, mit drei runden Stiften. Wenn Sie Ger\u00e4te aus einem anderen Land verwenden, ben\u00f6tigen Sie m\u00f6glicherweise einen Steckeradapter.<\/li>\n<\/ul>\n<h2>Elektrische Schalttafeln<\/h2>\n<ul>\n<li>Hauptschalttafel: Befindet sich in der Garage vor der Treppe. Diese Schalttafel enth\u00e4lt Schutzschalter f\u00fcr das gesamte Haus.<\/li>\n<li>Teilpaneele: F\u00fcr bestimmte Bereiche wie die K\u00fcche oder den Wohnbereich k\u00f6nnen zus\u00e4tzliche Teilpaneele vorhanden sein.<\/li>\n<\/ul>\n<h2>Stromkreisunterbrecher<\/h2>\n<ul>\n<li>Wie Sie neue Unterbrecher zur\u00fccksetzen: Wenn ein Unterbrecher ausgel\u00f6st wird, suchen Sie die Hauptschalttafel, suchen Sie den Unterbrecher, der ausgeschaltet ist, und schalten Sie ihn wieder ein.<\/li>\n<li>Wie man alte Unterbrecher ersetzt: Viele Unterbrecher sind noch alt und k\u00f6nnen nicht zur\u00fcckgesetzt werden, sondern m\u00fcssen ersetzt werden. Ersatz-Unterbrecher finden Sie oben auf dem Schaltkasten. Bitte beachten Sie die unterschiedlichen Farben und Leistungen.<\/li>\n<li>Beschriftung: Jeder Unterbrecher ist mit einem Etikett versehen, das den Bereich oder das Ger\u00e4t angibt, das er steuert. Wenn ein Unterbrecher weiterhin ausgel\u00f6st wird, kontaktieren Sie uns bitte sofort.<\/li>\n<li>Um das Ausl\u00f6sen von Schutzschaltern zu vermeiden, \u00fcberlasten Sie das elektrische System nicht. Vor allem zu viele Elektroger\u00e4te, die gleichzeitig in einem Raum verwendet werden, k\u00f6nnen eine \u00dcberlastung verursachen und die Unterbrecher ausl\u00f6sen. Dies geschieht vor allem in der K\u00fcche, wenn Ger\u00e4te wie Geschirrsp\u00fcler, Wasserkocher, Mikrowelle und Heizplatten oder Ofen gleichzeitig benutzt werden.<\/li>\n<\/ul>\n<h2>Sicherheitstipps<\/h2>\n<ul>\n<li>\u00dcberlasten Sie die Stromkreise nicht: Vermeiden Sie es, zu viele leistungsstarke Ger\u00e4te an eine einzige Steckdose oder mehrere Steckdosen im selben Raum anzuschlie\u00dfen.<\/li>\n<li>Trocken halten: Benutzen Sie elektrische Ger\u00e4te nicht mit nassen H\u00e4nden oder in der N\u00e4he von Wasserquellen.<\/li>\n<li>Ziehen Sie den Stecker, wenn Sie ihn nicht benutzen: Um Energie zu sparen und aus Sicherheitsgr\u00fcnden sollten Sie den Stecker ziehen, wenn Sie das Ger\u00e4t nicht benutzen.<\/li>\n<li>\u00dcberpr\u00fcfen Sie Kabel und Stecker: Verwenden Sie kein Ger\u00e4t, wenn das Kabel oder der Stecker besch\u00e4digt ist.<\/li>\n<\/ul>\n<h2>Beleuchtung<\/h2>\n<ul>\n<li>Arten von Gl\u00fchbirnen: Das Haus verwendet LED-Gl\u00fchbirnen. Ersatzgl\u00fchbirnen sind in der Abstellkammer erh\u00e4ltlich.<\/li>\n<li>Schalter: Die meisten Zimmer haben Wandschalter in der N\u00e4he des Eingangs. Einige Lampen haben Schalter am Kabel oder an der Leuchte selbst.<\/li>\n<\/ul>\n<h2>Heizungsanlage<\/h2>\n<ul>\n<li>Elektrische Heizungen: Falls vorhanden, verwenden Sie die Thermostate, um die Temperatur zu regeln. Vermeiden Sie die Abdeckung von Heizger\u00e4ten und sorgen Sie f\u00fcr eine ausreichende Bel\u00fcftung.<\/li>\n<li>Fu\u00dfbodenheizung: Gesteuert durch Thermostate in jedem Zimmer. Bitte stellen Sie die Temperatur nicht ein und schalten Sie die Thermostate in den Schlafzimmern nicht aus. Lassen Sie uns wissen, wenn Sie die Temperatur anpassen m\u00f6chten, wir k\u00f6nnen die Einstellungen per Fernzugriff vornehmen. Ich danke Ihnen.<\/li>\n<\/ul>\n<h2>Sicherheit f\u00fcr Kinder<\/h2>\n<ul>\n<li>Alte Steckdosen: Bitte beachten Sie, dass die Steckdosen in unserem Haus aus den 1960er Jahren stammen und nicht \u00fcber die modernen Sicherheitsmerkmale verf\u00fcgen, die in neueren H\u00e4usern zu finden sind. Die L\u00f6cher sind leicht zu erreichen.<\/li>\n<li>Beaufsichtigung: Beaufsichtigen Sie Kinder immer in der N\u00e4he von Steckdosen und Ger\u00e4ten, um ihre Sicherheit zu gew\u00e4hrleisten.<\/li>\n<\/ul>\n<h2>Informationen f\u00fcr Notf\u00e4lle<\/h2>\n<ul>\n<li>Kontaktinformationen: Sollten Sie ein Problem mit der Elektrik haben, kontaktieren Sie uns bitte sofort.<\/li>\n<\/ul>\n<p>[\/et_pb_text][et_pb_image src=&#8220;https:\/\/engelberg-ferienwohnung.ch\/wp-content\/uploads\/2024\/06\/elec-panel.jpg&#8220; _builder_version=&#8220;4.25.1&#8243; _module_preset=&#8220;default&#8220; title_text=&#8220;elec-panel&#8220; hover_enabled=&#8220;0&#8243; sticky_enabled=&#8220;0&#8243;][\/et_pb_image][\/et_pb_column][\/et_pb_row][et_pb_row _builder_version=&#8220;4.19.5&#8243; _module_preset=&#8220;default&#8220; global_colors_info=&#8220;{}&#8220;][et_pb_column type=&#8220;4_4&#8243; _builder_version=&#8220;4.19.5&#8243; _module_preset=&#8220;default&#8220; global_colors_info=&#8220;{}&#8220;][et_pb_text _builder_version=&#8220;4.25.1&#8243; _module_preset=&#8220;default&#8220; header_2_text_color=&#8220;#008186&#8243; hover_enabled=&#8220;0&#8243; global_colors_info=&#8220;{}&#8220; sticky_enabled=&#8220;0&#8243;]<\/p>\n<h2>Energiespar-Tipp<\/h2>\n<p>Schalten Sie alle Lichter aus, wenn Sie die Wohnung verlassen und in der Nacht. Lassen Sie die elektrischen Warmluftheizungen im Badezimmer nicht zu lange eingeschaltet, sie verbrauchen viel Energie. Verwenden Sie sie vor und w\u00e4hrend Ihrer Dusche.<\/p>\n<p>Bef\u00fcllen Sie den Geschirrsp\u00fcler immer, bevor Sie ihn einschalten.<\/p>\n<p>Kochen Sie hei\u00dfes Wasser mit dem Hei\u00dfwasserkocher und nicht auf dem Herd.<\/p>\n<p>[\/et_pb_text][\/et_pb_column][\/et_pb_row][et_pb_row _builder_version=&#8220;4.19.5&#8243; _module_preset=&#8220;default&#8220; global_module=&#8220;664&#8243; global_colors_info=&#8220;{}&#8220;][et_pb_column type=&#8220;4_4&#8243; _builder_version=&#8220;4.19.5&#8243; _module_preset=&#8220;default&#8220; global_colors_info=&#8220;{}&#8220;][et_pb_text _builder_version=&#8220;4.25.1&#8243; _module_preset=&#8220;b327cbe4-b1d5-4b66-ad37-40c8f2f061ba&#8220; header_2_font=&#8220;Manrope|700|||||||&#8220; header_2_text_color=&#8220;#000000&#8243; header_2_font_size=&#8220;48px&#8220; header_2_line_height=&#8220;1.2em&#8220; text_orientation=&#8220;center&#8220; link_option_url=&#8220;https:\/\/engelberg-ferienwohnung.ch\/wp-content\/uploads\/2024\/01\/Siesta-House-Rules-EN.pdf&#8220; link_option_url_new_window=&#8220;on&#8220; header_2_font_size_tablet=&#8220;32px&#8220; header_2_font_size_phone=&#8220;20px&#8220; header_2_font_size_last_edited=&#8220;on|desktop&#8220; global_colors_info=&#8220;{}&#8220;]<\/p>\n<h2>Wie man&#8230;<\/h2>\n<p>[\/et_pb_text][et_pb_button button_url=&#8220;https:\/\/engelberg-ferienwohnung.ch\/de\/haushandbuch-und-ordnung\/alarmanlage\/&#8220; button_text=&#8220;Alarmanlage&#8220; button_alignment=&#8220;center&#8220; _builder_version=&#8220;4.25.1&#8243; _module_preset=&#8220;default&#8220; custom_button=&#8220;on&#8220; button_use_icon=&#8220;off&#8220; global_colors_info=&#8220;{}&#8220; button_bg_color__hover=&#8220;rgba(0,129,134,0.21)&#8220; button_bg_color__hover_enabled=&#8220;on|desktop&#8220;][\/et_pb_button][et_pb_button button_url=&#8220;https:\/\/engelberg-ferienwohnung.ch\/de\/haushandbuch-und-ordnung\/heizung\/&#8220; button_text=&#8220;Heizung&#8220; button_alignment=&#8220;center&#8220; _builder_version=&#8220;4.25.1&#8243; _module_preset=&#8220;default&#8220; custom_button=&#8220;on&#8220; button_use_icon=&#8220;off&#8220; global_colors_info=&#8220;{}&#8220; button_bg_color__hover_enabled=&#8220;on|desktop&#8220; button_bg_color__hover=&#8220;rgba(0,129,134,0.21)&#8220; button_bg_enable_color__hover=&#8220;on&#8220;][\/et_pb_button][et_pb_button button_url=&#8220;https:\/\/engelberg-ferienwohnung.ch\/de\/haushandbuch-und-ordnung\/recycling\/&#8220; button_text=&#8220;M\u00fcll und Recycling&#8220; button_alignment=&#8220;center&#8220; _builder_version=&#8220;4.25.1&#8243; _module_preset=&#8220;default&#8220; custom_button=&#8220;on&#8220; button_use_icon=&#8220;off&#8220; global_colors_info=&#8220;{}&#8220; button_bg_color__hover=&#8220;rgba(0,129,134,0.21)&#8220; button_bg_color__hover_enabled=&#8220;on|desktop&#8220;][\/et_pb_button][et_pb_button button_url=&#8220;https:\/\/engelberg-ferienwohnung.ch\/de\/haushandbuch-und-ordnung\/warmwasser\/&#8220; button_text=&#8220;Hei\u00dfes Wasser&#8220; button_alignment=&#8220;center&#8220; _builder_version=&#8220;4.25.1&#8243; _module_preset=&#8220;default&#8220; custom_button=&#8220;on&#8220; button_use_icon=&#8220;off&#8220; global_colors_info=&#8220;{}&#8220; button_bg_color__hover=&#8220;rgba(0,129,134,0.21)&#8220; button_bg_color__hover_enabled=&#8220;on|desktop&#8220;][\/et_pb_button][et_pb_button button_url=&#8220;https:\/\/engelberg-ferienwohnung.ch\/de\/haushandbuch-und-ordnung\/waschmaschine-und-trockner\/&#8220; button_text=&#8220;Waschmaschine und Trockner&#8220; button_alignment=&#8220;center&#8220; _builder_version=&#8220;4.25.1&#8243; _module_preset=&#8220;default&#8220; custom_button=&#8220;on&#8220; button_use_icon=&#8220;off&#8220; global_colors_info=&#8220;{}&#8220; button_bg_color__hover=&#8220;rgba(0,129,134,0.21)&#8220; button_bg_color__hover_enabled=&#8220;on|desktop&#8220;][\/et_pb_button][et_pb_button button_url=&#8220;https:\/\/engelberg-ferienwohnung.ch\/de\/haushandbuch-und-ordnung\/smart-tv\/&#8220; button_text=&#8220;Smart TV&#8220; button_alignment=&#8220;center&#8220; _builder_version=&#8220;4.25.1&#8243; _module_preset=&#8220;default&#8220; custom_button=&#8220;on&#8220; button_use_icon=&#8220;off&#8220; global_colors_info=&#8220;{}&#8220; button_bg_color__hover=&#8220;rgba(0,129,134,0.21)&#8220; button_bg_color__hover_enabled=&#8220;on|desktop&#8220;][\/et_pb_button][et_pb_button button_url=&#8220;https:\/\/engelberg-ferienwohnung.ch\/de\/haushandbuch-und-ordnung\/parkplatz\/&#8220; button_text=&#8220;Parkpl\u00e4tze&#8220; button_alignment=&#8220;center&#8220; _builder_version=&#8220;4.25.1&#8243; _module_preset=&#8220;default&#8220; custom_button=&#8220;on&#8220; button_use_icon=&#8220;off&#8220; global_colors_info=&#8220;{}&#8220; button_bg_color__hover=&#8220;rgba(0,129,134,0.21)&#8220; button_bg_color__hover_enabled=&#8220;on|desktop&#8220;][\/et_pb_button][et_pb_button button_url=&#8220;https:\/\/engelberg-ferienwohnung.ch\/de\/haushandbuch-und-ordnung\/schluessel-tueren\/&#8220; button_text=&#8220;Schl\u00fcssel und T\u00fcren&#8220; button_alignment=&#8220;center&#8220; _builder_version=&#8220;4.25.1&#8243; _module_preset=&#8220;default&#8220; custom_button=&#8220;on&#8220; button_use_icon=&#8220;off&#8220; global_colors_info=&#8220;{}&#8220; button_bg_color__hover=&#8220;rgba(0,129,134,0.21)&#8220; button_bg_color__hover_enabled=&#8220;on|desktop&#8220;][\/et_pb_button][et_pb_button button_url=&#8220;https:\/\/engelberg-ferienwohnung.ch\/de\/haushandbuch-und-ordnung\/kaffeemaschine\/&#8220; button_text=&#8220;Kaffeemaschine&#8220; button_alignment=&#8220;center&#8220; _builder_version=&#8220;4.25.1&#8243; _module_preset=&#8220;default&#8220; custom_button=&#8220;on&#8220; button_use_icon=&#8220;off&#8220; global_colors_info=&#8220;{}&#8220; button_bg_color__hover=&#8220;rgba(0,129,134,0.21)&#8220; button_bg_color__hover_enabled=&#8220;on|desktop&#8220;][\/et_pb_button][et_pb_button button_url=&#8220;https:\/\/engelberg-ferienwohnung.ch\/de\/haushandbuch-und-ordnung\/geschirrspuler\/&#8220; button_text=&#8220;Geschirrsp\u00fcler&#8220; button_alignment=&#8220;center&#8220; _builder_version=&#8220;4.25.1&#8243; _module_preset=&#8220;default&#8220; custom_button=&#8220;on&#8220; button_use_icon=&#8220;off&#8220; global_colors_info=&#8220;{}&#8220; button_bg_color__hover=&#8220;rgba(0,129,134,0.21)&#8220; button_bg_color__hover_enabled=&#8220;on|desktop&#8220;][\/et_pb_button][et_pb_button button_text=&#8220;Elektrisches System&#8220; button_alignment=&#8220;center&#8220; _builder_version=&#8220;4.25.1&#8243; _module_preset=&#8220;default&#8220; custom_button=&#8220;on&#8220; button_use_icon=&#8220;off&#8220; hover_enabled=&#8220;0&#8243; global_colors_info=&#8220;{}&#8220; button_bg_color__hover=&#8220;rgba(0,129,134,0.21)&#8220; button_bg_color__hover_enabled=&#8220;on|desktop&#8220; button_url=&#8220;https:\/\/engelberg-ferienwohnung.ch\/house-manual-and-rules\/electrical-system\/&#8220; sticky_enabled=&#8220;0&#8243;][\/et_pb_button][\/et_pb_column][\/et_pb_row][\/et_pb_section][et_pb_section fb_built=&#8220;1&#8243; admin_label=&#8220;Footer&#8220; _builder_version=&#8220;4.17.6&#8243; _module_preset=&#8220;default&#8220; background_color=&#8220;#FAF5EF&#8220; custom_padding=&#8220;||0px||false|false&#8220; global_module=&#8220;96&#8243; saved_tabs=&#8220;all&#8220; collapsed=&#8220;on&#8220; global_colors_info=&#8220;{}&#8220;][et_pb_row column_structure=&#8220;1_3,1_3,1_3&#8243; _builder_version=&#8220;4.17.6&#8243; _module_preset=&#8220;default&#8220; global_colors_info=&#8220;{}&#8220;][et_pb_column type=&#8220;1_3&#8243; _builder_version=&#8220;4.17.6&#8243; _module_preset=&#8220;default&#8220; global_colors_info=&#8220;{}&#8220;][et_pb_image src=&#8220;https:\/\/engelberg-ferienwohnung.ch\/wp-content\/uploads\/2023\/02\/casa-siesta-logo-no-text-250&#215;250-1.png&#8220; title_text=&#8220;casa-siesta-logo-no-text-250&#215;250&#8243; _builder_version=&#8220;4.19.5&#8243; _module_preset=&#8220;default&#8220; width=&#8220;40%&#8220; global_colors_info=&#8220;{}&#8220;][\/et_pb_image][et_pb_text _builder_version=&#8220;4.19.5&#8243; _module_preset=&#8220;4827deed-2a92-4d97-a22f-f01067ae6873&#8243; header_font=&#8220;||||||||&#8220; header_4_font=&#8220;Manrope|700|||||||&#8220; header_4_text_color=&#8220;#000000&#8243; header_4_font_size=&#8220;19px&#8220; header_4_line_height=&#8220;1.4em&#8220; custom_margin=&#8220;||0px||false|false&#8220; header_4_font_size_tablet=&#8220;16px&#8220; header_4_font_size_phone=&#8220;14px&#8220; header_4_font_size_last_edited=&#8220;on|tablet&#8220; global_colors_info=&#8220;{}&#8220;]<\/p>\n<h4>Casa Siesta<\/h4>\n<p>[\/et_pb_text][\/et_pb_column][et_pb_column type=&#8220;1_3&#8243; _builder_version=&#8220;4.17.6&#8243; _module_preset=&#8220;default&#8220; global_colors_info=&#8220;{}&#8220;][et_pb_text _builder_version=&#8220;4.17.6&#8243; _module_preset=&#8220;4827deed-2a92-4d97-a22f-f01067ae6873&#8243; header_font=&#8220;||||||||&#8220; header_4_font=&#8220;Manrope|700|||||||&#8220; header_4_text_color=&#8220;#000000&#8243; header_4_font_size=&#8220;19px&#8220; header_4_line_height=&#8220;1.4em&#8220; custom_margin=&#8220;||20px||false|false&#8220; header_4_font_size_tablet=&#8220;16px&#8220; header_4_font_size_phone=&#8220;14px&#8220; header_4_font_size_last_edited=&#8220;on|tablet&#8220; global_colors_info=&#8220;{}&#8220;]<\/p>\n<h4>Aufenthalt<\/h4>\n<p>[\/et_pb_text][et_pb_text _builder_version=&#8220;4.20.0&#8243; _module_preset=&#8220;1f09816e-184e-4ce5-a4cf-b39c52c423ca&#8220; text_font=&#8220;Open Sans||||||||&#8220; text_text_color=&#8220;#666666&#8243; text_font_size=&#8220;16px&#8220; text_line_height=&#8220;1.8em&#8220; link_font=&#8220;|600|||||||&#8220; link_text_color=&#8220;#008186&#8243; custom_margin=&#8220;||10px||false|false&#8220; text_font_size_tablet=&#8220;15px&#8220; text_font_size_phone=&#8220;14px&#8220; text_font_size_last_edited=&#8220;on|phone&#8220; header_font_size_tablet=&#8220;55px&#8220; header_font_size_last_edited=&#8220;off|desktop&#8220; global_colors_info=&#8220;{}&#8220;]<\/p>\n<p><a href=\"https:\/\/engelberg-ferienwohnung.ch\/rooms\/\">Zimmer<\/a><\/p>\n<p>[\/et_pb_text][et_pb_text _builder_version=&#8220;4.20.0&#8243; _module_preset=&#8220;1f09816e-184e-4ce5-a4cf-b39c52c423ca&#8220; text_font=&#8220;Open Sans||||||||&#8220; text_text_color=&#8220;#666666&#8243; text_font_size=&#8220;16px&#8220; text_line_height=&#8220;1.8em&#8220; link_font=&#8220;|600|||||||&#8220; link_text_color=&#8220;#008186&#8243; custom_margin=&#8220;||10px||false|false&#8220; text_font_size_tablet=&#8220;15px&#8220; text_font_size_phone=&#8220;14px&#8220; text_font_size_last_edited=&#8220;on|phone&#8220; header_font_size_tablet=&#8220;55px&#8220; header_font_size_last_edited=&#8220;off|desktop&#8220; global_colors_info=&#8220;{}&#8220;]<\/p>\n<p><a href=\"https:\/\/engelberg-ferienwohnung.ch\/de\/annehmlichkeiten\/\">Austattung<\/a><\/p>\n<p>[\/et_pb_text][et_pb_text _builder_version=&#8220;4.19.5&#8243; _module_preset=&#8220;1f09816e-184e-4ce5-a4cf-b39c52c423ca&#8220; text_font=&#8220;Open Sans|600|||||||&#8220; text_font_size=&#8220;16px&#8220; text_line_height=&#8220;1.8em&#8220; custom_margin=&#8220;||10px||false|false&#8220; text_font_size_tablet=&#8220;15px&#8220; text_font_size_phone=&#8220;14px&#8220; text_font_size_last_edited=&#8220;on|phone&#8220; header_font_size_tablet=&#8220;55px&#8220; header_font_size_last_edited=&#8220;off|desktop&#8220; global_colors_info=&#8220;{}&#8220;]<\/p>\n<p><a href=\"https:\/\/www.engelberg.ch\/en\/aktuelles-events\/events?tx_fmdlanguagedetection[persist]=1&amp;cHash=ee590d5e01e939d6404a468739758e2f#\/events\" target=\"_blank\" rel=\"noopener\">Veranstaltungen<\/a><\/p>\n<p>[\/et_pb_text][et_pb_text _builder_version=&#8220;4.19.5&#8243; _module_preset=&#8220;1f09816e-184e-4ce5-a4cf-b39c52c423ca&#8220; text_font=&#8220;Open Sans||||||||&#8220; text_text_color=&#8220;#666666&#8243; text_font_size=&#8220;16px&#8220; text_line_height=&#8220;1.8em&#8220; link_font=&#8220;|600|||||||&#8220; custom_margin=&#8220;||10px||false|false&#8220; text_font_size_tablet=&#8220;15px&#8220; text_font_size_phone=&#8220;14px&#8220; text_font_size_last_edited=&#8220;on|phone&#8220; header_font_size_tablet=&#8220;55px&#8220; header_font_size_last_edited=&#8220;off|desktop&#8220; global_colors_info=&#8220;{}&#8220;]<\/p>\n<p><a href=\"https:\/\/www.engelberg.ch\/fileadmin\/redakteur\/engelberg_Rebrush_2021\/PDF_2020\/2022-23_Busfahrplan_Winter_EAB_90x148_4f_WEB.pdf\" target=\"_blank\" rel=\"noopener\">\u00d6ffentliche Verkehrsmittel<\/a><\/p>\n<p>[\/et_pb_text][\/et_pb_column][et_pb_column type=&#8220;1_3&#8243; _builder_version=&#8220;4.17.6&#8243; _module_preset=&#8220;default&#8220; global_colors_info=&#8220;{}&#8220;][et_pb_text _builder_version=&#8220;4.17.6&#8243; _module_preset=&#8220;4827deed-2a92-4d97-a22f-f01067ae6873&#8243; header_font=&#8220;||||||||&#8220; header_4_font=&#8220;Manrope|700|||||||&#8220; header_4_text_color=&#8220;#000000&#8243; header_4_font_size=&#8220;19px&#8220; header_4_line_height=&#8220;1.4em&#8220; custom_margin=&#8220;||20px||false|false&#8220; header_4_font_size_tablet=&#8220;16px&#8220; header_4_font_size_phone=&#8220;14px&#8220; header_4_font_size_last_edited=&#8220;on|tablet&#8220; locked=&#8220;off&#8220; global_colors_info=&#8220;{}&#8220;]<\/p>\n<h4>Kontakt<\/h4>\n<p>[\/et_pb_text][et_pb_text _builder_version=&#8220;4.19.5&#8243; _module_preset=&#8220;4827deed-2a92-4d97-a22f-f01067ae6873&#8243; header_font=&#8220;||||||||&#8220; header_4_font=&#8220;Manrope|700|||||||&#8220; header_4_text_color=&#8220;#008186&#8243; header_4_font_size=&#8220;19px&#8220; header_4_line_height=&#8220;1.4em&#8220; custom_margin=&#8220;||0px||false|false&#8220; header_4_font_size_tablet=&#8220;16px&#8220; header_4_font_size_phone=&#8220;14px&#8220; header_4_font_size_last_edited=&#8220;on|tablet&#8220; global_colors_info=&#8220;{}&#8220;]<\/p>\n<h4>+41 79 276 63 37<\/h4>\n<p>[\/et_pb_text][et_pb_button button_url=&#8220;https:\/\/engelberg-ferienwohnung.ch\/contact\/&#8220; button_text=&#8220;Kontakt&#8220; _builder_version=&#8220;4.19.5&#8243; _module_preset=&#8220;db46e67d-9505-40bb-9ebd-8901bc8b3a95&#8243; custom_button=&#8220;on&#8220; button_text_size=&#8220;14px&#8220; button_text_color=&#8220;#FFFFFF&#8220; button_bg_color=&#8220;#000000&#8243; button_border_width=&#8220;0px&#8220; button_border_radius=&#8220;0px&#8220; button_font=&#8220;Inter|700||on|||||&#8220; custom_padding=&#8220;16px|24px|16px|24px|true|true&#8220; global_colors_info=&#8220;{}&#8220;][\/et_pb_button][\/et_pb_column][\/et_pb_row][et_pb_row _builder_version=&#8220;4.17.6&#8243; _module_preset=&#8220;default&#8220; width=&#8220;100%&#8220; max_width=&#8220;100%&#8220; custom_padding=&#8220;||0px||false|false&#8220; global_colors_info=&#8220;{}&#8220;][et_pb_column type=&#8220;4_4&#8243; _builder_version=&#8220;4.17.6&#8243; _module_preset=&#8220;default&#8220; global_colors_info=&#8220;{}&#8220;][et_pb_image src=&#8220;https:\/\/engelberg-ferienwohnung.ch\/wp-content\/uploads\/2023\/02\/hostel_49.png&#8220; title_text=&#8220;Herberge_49&#8243; force_fullwidth=&#8220;on&#8220; _builder_version=&#8220;4.17.6&#8243; _module_preset=&#8220;default&#8220; global_colors_info=&#8220;{}&#8220;][\/et_pb_image][\/et_pb_column][\/et_pb_row][\/et_pb_section]<\/p>\n","protected":false},"excerpt":{"rendered":"<p>Elektrisches SystemUm ein angenehmes und sicheres Erlebnis zu gew\u00e4hrleisten, nehmen Sie sich bitte einen Moment Zeit, um die folgenden Informationen \u00fcber unser elektrisches System zu lesen. Stromversorgung Spannung: Das Stromnetz in der Schweiz arbeitet mit 230 Volt und 50 Hz. Stecker und Buchsen: Die Stecker sind vom Typ J, mit drei runden Stiften. Wenn Sie [&hellip;]<\/p>\n","protected":false},"author":1,"featured_media":0,"parent":573,"menu_order":0,"comment_status":"closed","ping_status":"closed","template":"","meta":{"_et_pb_use_builder":"on","_et_pb_old_content":"","_et_gb_content_width":"","footnotes":""},"class_list":["post-879","page","type-page","status-publish","hentry"],"_links":{"self":[{"href":"https:\/\/engelberg-ferienwohnung.ch\/de\/wp-json\/wp\/v2\/pages\/879","targetHints":{"allow":["GET"]}}],"collection":[{"href":"https:\/\/engelberg-ferienwohnung.ch\/de\/wp-json\/wp\/v2\/pages"}],"about":[{"href":"https:\/\/engelberg-ferienwohnung.ch\/de\/wp-json\/wp\/v2\/types\/page"}],"author":[{"embeddable":true,"href":"https:\/\/engelberg-ferienwohnung.ch\/de\/wp-json\/wp\/v2\/users\/1"}],"replies":[{"embeddable":true,"href":"https:\/\/engelberg-ferienwohnung.ch\/de\/wp-json\/wp\/v2\/comments?post=879"}],"version-history":[{"count":2,"href":"https:\/\/engelberg-ferienwohnung.ch\/de\/wp-json\/wp\/v2\/pages\/879\/revisions"}],"predecessor-version":[{"id":881,"href":"https:\/\/engelberg-ferienwohnung.ch\/de\/wp-json\/wp\/v2\/pages\/879\/revisions\/881"}],"up":[{"embeddable":true,"href":"https:\/\/engelberg-ferienwohnung.ch\/de\/wp-json\/wp\/v2\/pages\/573"}],"wp:attachment":[{"href":"https:\/\/engelberg-ferienwohnung.ch\/de\/wp-json\/wp\/v2\/media?parent=879"}],"curies":[{"name":"wp","href":"https:\/\/api.w.org\/{rel}","templated":true}]}}